{"id":784,"date":"2021-01-15T17:32:43","date_gmt":"2021-01-15T17:32:43","guid":{"rendered":"http:\/\/lumarinho.lizart.com.br\/portfolio-copy\/"},"modified":"2021-02-12T15:14:51","modified_gmt":"2021-02-12T15:14:51","slug":"na-midia","status":"publish","type":"page","link":"https:\/\/www.lumarinho.com\/en\/na-midia\/","title":{"rendered":"Media"},"content":{"rendered":"<div data-elementor-type=\"wp-post\" data-elementor-id=\"784\" class=\"elementor elementor-784\" data-elementor-settings=\"[]\">\n\t\t\t\t\t\t<div class=\"elementor-inner\">\n\t\t\t\t\t\t\t<div class=\"elementor-section-wrap\">\n\t\t\t\t\t\t\t<section class=\"elementor-section elementor-top-section elementor-element elementor-element-60796ae3 elementor-section-boxed elementor-section-height-default elementor-section-height-default\" data-id=\"60796ae3\" data-element_type=\"section\" data-settings=\"{&quot;background_background&quot;:&quot;classic&quot;}\">\n\t\t\t\t\t\t\t<div class=\"elementor-background-overlay\"><\/div>\n\t\t\t\t\t\t\t<div class=\"elementor-container elementor-column-gap-default\">\n\t\t\t\t\t\t\t<div class=\"elementor-row\">\n\t\t\t\t\t<div class=\"elementor-column elementor-col-100 elementor-top-column elementor-element elementor-element-6b57a877\" data-id=\"6b57a877\" data-element_type=\"column\">\n\t\t\t<div class=\"elementor-column-wrap elementor-element-populated\">\n\t\t\t\t\t\t\t<div class=\"elementor-widget-wrap\">\n\t\t\t\t\t\t<div class=\"elementor-element elementor-element-45ab1610 elementor-widget elementor-widget-uael-infobox\" data-id=\"45ab1610\" data-element_type=\"widget\" data-widget_type=\"uael-infobox.default\">\n\t\t\t\t<div class=\"elementor-widget-container\">\n\t\t\t\n<div class=\"uael-module-content uael-infobox  uael-infobox-center  uael-infobox-link-type-none\">\n\t<div class=\"uael-infobox-left-right-wrap\">\n\t\t\t\t\t\t<div class=\"uael-infobox-content\">\n\t\t\t\t\t\t<div class='uael-infobox-title-wrap'><h5 class=\"uael-infobox-title-prefix elementor-inline-editing\" data-elementor-setting-key=\"infobox_title_prefix\" data-elementor-inline-editing-toolbar=\"basic\" >Lu Marinho<\/h5><h1 class=\"uael-infobox-title elementor-inline-editing\" data-elementor-setting-key=\"infobox_title\" data-elementor-inline-editing-toolbar=\"basic\" >Media<\/h1><\/div>\t\t\t\t\t\t\t\t\t<div class=\"uael-infobox-text-wrap\">\n\t\t\t\t<div class=\"uael-infobox-text elementor-inline-editing\" data-elementor-setting-key=\"infobox_description\" data-elementor-inline-editing-toolbar=\"advanced\">\n\t\t\t\t\t\t\t\t\t<\/div>\n\t\t\t\t\t\n\t\t\t\t\t\t\t<\/div>\n\t\t<\/div>\n\t\t\t<\/div>\n<\/div>\n\t\t<\/div>\n\t\t\t\t<\/div>\n\t\t\t\t\t\t<\/div>\n\t\t\t\t\t<\/div>\n\t\t<\/div>\n\t\t\t\t\t\t\t\t<\/div>\n\t\t\t\t\t<\/div>\n\t\t<\/section>\n\t\t\t\t<section class=\"elementor-section elementor-top-section elementor-element elementor-element-3ea3cbac elementor-section-full_width elementor-section-height-default elementor-section-height-default\" data-id=\"3ea3cbac\" data-element_type=\"section\" data-settings=\"{&quot;background_background&quot;:&quot;classic&quot;}\">\n\t\t\t\t\t\t<div class=\"elementor-container elementor-column-gap-default\">\n\t\t\t\t\t\t\t<div class=\"elementor-row\">\n\t\t\t\t\t<div class=\"elementor-column elementor-col-100 elementor-top-column elementor-element elementor-element-118ac98b\" data-id=\"118ac98b\" data-element_type=\"column\">\n\t\t\t<div class=\"elementor-column-wrap elementor-element-populated\">\n\t\t\t\t\t\t\t<div class=\"elementor-widget-wrap\">\n\t\t\t\t\t\t<section class=\"elementor-section elementor-inner-section elementor-element elementor-element-255ea303 elementor-section-boxed elementor-section-height-default elementor-section-height-default\" data-id=\"255ea303\" data-element_type=\"section\">\n\t\t\t\t\t\t<div class=\"elementor-container elementor-column-gap-default\">\n\t\t\t\t\t\t\t<div class=\"elementor-row\">\n\t\t\t\t\t<div class=\"elementor-column elementor-col-33 elementor-inner-column elementor-element elementor-element-4af38782\" data-id=\"4af38782\" data-element_type=\"column\">\n\t\t\t<div class=\"elementor-column-wrap elementor-element-populated\">\n\t\t\t\t\t\t\t<div class=\"elementor-widget-wrap\">\n\t\t\t\t\t\t<div class=\"elementor-element elementor-element-2f411fd elementor-view-default elementor-vertical-align-top elementor-widget elementor-widget-icon-box\" data-id=\"2f411fd\" data-element_type=\"widget\" data-widget_type=\"icon-box.default\">\n\t\t\t\t<div class=\"elementor-widget-container\">\n\t\t\t\t\t<div class=\"elementor-icon-box-wrapper\">\n\t\t\t\t\t\t<div class=\"elementor-icon-box-content\">\n\t\t\t\t<h2 class=\"elementor-icon-box-title\">\n\t\t\t\t\t<span >Books<\/span>\n\t\t\t\t<\/h2>\n\t\t\t\t\t\t\t\t<p class=\"elementor-icon-box-description\">Publica\u00e7\u00f5es do segmento que trazem projetos de Lu Marinho como designer de interiores com destaque!<\/p>\n\t\t\t\t\t\t\t<\/div>\n\t\t<\/div>\n\t\t\t\t<\/div>\n\t\t\t\t<\/div>\n\t\t\t\t<div class=\"elementor-element elementor-element-27f5965 elementor-mobile-align-center elementor-widget elementor-widget-button\" data-id=\"27f5965\" data-element_type=\"widget\" data-widget_type=\"button.default\">\n\t\t\t\t<div class=\"elementor-widget-container\">\n\t\t\t\t\t<div class=\"elementor-button-wrapper\">\n\t\t\t<a href=\"https:\/\/www.lumarinho.com\/en\/na-midia\/livros\/\" class=\"elementor-button-link elementor-button elementor-size-sm\" role=\"button\">\n\t\t\t\t\t\t<span class=\"elementor-button-content-wrapper\">\n\t\t\t\t\t\t<span class=\"elementor-button-text\">Conhe\u00e7a!<\/span>\n\t\t<\/span>\n\t\t\t\t\t<\/a>\n\t\t<\/div>\n\t\t\t\t<\/div>\n\t\t\t\t<\/div>\n\t\t\t\t\t\t<\/div>\n\t\t\t\t\t<\/div>\n\t\t<\/div>\n\t\t\t\t<div class=\"elementor-column elementor-col-33 elementor-inner-column elementor-element elementor-element-717fbcdb\" data-id=\"717fbcdb\" data-element_type=\"column\">\n\t\t\t<div class=\"elementor-column-wrap elementor-element-populated\">\n\t\t\t\t\t\t\t<div class=\"elementor-widget-wrap\">\n\t\t\t\t\t\t<div class=\"elementor-element elementor-element-60c271d elementor-widget elementor-widget-image\" data-id=\"60c271d\" data-element_type=\"widget\" data-widget_type=\"image.default\">\n\t\t\t\t<div class=\"elementor-widget-container\">\n\t\t\t\t\t\t\t\t<div class=\"elementor-image\">\n\t\t\t\t\t\t\t\t\t\t\t\t<img loading=\"lazy\" decoding=\"async\" width=\"270\" height=\"270\" src=\"https:\/\/www.lumarinho.com\/wp-content\/uploads\/2021\/01\/port7.jpg\" class=\"attachment-large size-large\" alt=\"\" srcset=\"https:\/\/www.lumarinho.com\/wp-content\/uploads\/2021\/01\/port7.jpg 270w, https:\/\/www.lumarinho.com\/wp-content\/uploads\/2021\/01\/port7-150x150.jpg 150w\" sizes=\"auto, (max-width: 270px) 100vw, 270px\" \/>\t\t\t\t\t\t\t\t\t\t\t\t\t\t<\/div>\n\t\t\t\t\t\t<\/div>\n\t\t\t\t<\/div>\n\t\t\t\t<div class=\"elementor-element elementor-element-a5b5bba elementor-widget elementor-widget-image\" data-id=\"a5b5bba\" data-element_type=\"widget\" data-widget_type=\"image.default\">\n\t\t\t\t<div class=\"elementor-widget-container\">\n\t\t\t\t\t\t\t\t<div class=\"elementor-image\">\n\t\t\t\t\t\t\t\t\t\t\t\t<img loading=\"lazy\" decoding=\"async\" width=\"270\" height=\"270\" src=\"https:\/\/www.lumarinho.com\/wp-content\/uploads\/2021\/01\/port8.jpg\" class=\"attachment-large size-large\" alt=\"\" srcset=\"https:\/\/www.lumarinho.com\/wp-content\/uploads\/2021\/01\/port8.jpg 270w, https:\/\/www.lumarinho.com\/wp-content\/uploads\/2021\/01\/port8-150x150.jpg 150w\" sizes=\"auto, (max-width: 270px) 100vw, 270px\" \/>\t\t\t\t\t\t\t\t\t\t\t\t\t\t<\/div>\n\t\t\t\t\t\t<\/div>\n\t\t\t\t<\/div>\n\t\t\t\t\t\t<\/div>\n\t\t\t\t\t<\/div>\n\t\t<\/div>\n\t\t\t\t<div class=\"elementor-column elementor-col-33 elementor-inner-column elementor-element elementor-element-9612cac\" data-id=\"9612cac\" data-element_type=\"column\">\n\t\t\t<div class=\"elementor-column-wrap elementor-element-populated\">\n\t\t\t\t\t\t\t<div class=\"elementor-widget-wrap\">\n\t\t\t\t\t\t<div class=\"elementor-element elementor-element-892d564 elementor-widget elementor-widget-image\" data-id=\"892d564\" data-element_type=\"widget\" data-widget_type=\"image.default\">\n\t\t\t\t<div class=\"elementor-widget-container\">\n\t\t\t\t\t\t\t\t<div class=\"elementor-image\">\n\t\t\t\t\t\t\t\t\t\t\t\t<img loading=\"lazy\" decoding=\"async\" width=\"430\" height=\"560\" src=\"https:\/\/www.lumarinho.com\/wp-content\/uploads\/2021\/01\/port9.jpg\" class=\"attachment-full size-full\" alt=\"\" srcset=\"https:\/\/www.lumarinho.com\/wp-content\/uploads\/2021\/01\/port9.jpg 430w, https:\/\/www.lumarinho.com\/wp-content\/uploads\/2021\/01\/port9-230x300.jpg 230w\" sizes=\"auto, (max-width: 430px) 100vw, 430px\" \/>\t\t\t\t\t\t\t\t\t\t\t\t\t\t<\/div>\n\t\t\t\t\t\t<\/div>\n\t\t\t\t<\/div>\n\t\t\t\t\t\t<\/div>\n\t\t\t\t\t<\/div>\n\t\t<\/div>\n\t\t\t\t\t\t\t\t<\/div>\n\t\t\t\t\t<\/div>\n\t\t<\/section>\n\t\t\t\t\t\t<\/div>\n\t\t\t\t\t<\/div>\n\t\t<\/div>\n\t\t\t\t\t\t\t\t<\/div>\n\t\t\t\t\t<\/div>\n\t\t<\/section>\n\t\t\t\t<section class=\"elementor-section elementor-top-section elementor-element elementor-element-805dfb2 elementor-section-full_width elementor-section-height-default elementor-section-height-default\" data-id=\"805dfb2\" data-element_type=\"section\" data-settings=\"{&quot;background_background&quot;:&quot;classic&quot;}\">\n\t\t\t\t\t\t<div class=\"elementor-container elementor-column-gap-default\">\n\t\t\t\t\t\t\t<div class=\"elementor-row\">\n\t\t\t\t\t<div class=\"elementor-column elementor-col-100 elementor-top-column elementor-element elementor-element-447ffd7\" data-id=\"447ffd7\" data-element_type=\"column\">\n\t\t\t<div class=\"elementor-column-wrap elementor-element-populated\">\n\t\t\t\t\t\t\t<div class=\"elementor-widget-wrap\">\n\t\t\t\t\t\t<section class=\"elementor-section elementor-inner-section elementor-element elementor-element-35759db elementor-section-boxed elementor-section-height-default elementor-section-height-default\" data-id=\"35759db\" data-element_type=\"section\">\n\t\t\t\t\t\t<div class=\"elementor-container elementor-column-gap-default\">\n\t\t\t\t\t\t\t<div class=\"elementor-row\">\n\t\t\t\t\t<div class=\"elementor-column elementor-col-33 elementor-inner-column elementor-element elementor-element-5a1888f\" data-id=\"5a1888f\" data-element_type=\"column\">\n\t\t\t<div class=\"elementor-column-wrap elementor-element-populated\">\n\t\t\t\t\t\t\t<div class=\"elementor-widget-wrap\">\n\t\t\t\t\t\t<div class=\"elementor-element elementor-element-893fbe7 elementor-view-default elementor-vertical-align-top elementor-widget elementor-widget-icon-box\" data-id=\"893fbe7\" data-element_type=\"widget\" data-widget_type=\"icon-box.default\">\n\t\t\t\t<div class=\"elementor-widget-container\">\n\t\t\t\t\t<div class=\"elementor-icon-box-wrapper\">\n\t\t\t\t\t\t<div class=\"elementor-icon-box-content\">\n\t\t\t\t<h2 class=\"elementor-icon-box-title\">\n\t\t\t\t\t<span >Articles<\/span>\n\t\t\t\t<\/h2>\n\t\t\t\t\t\t\t\t<p class=\"elementor-icon-box-description\">Veja as mat\u00e9rias em jornais e revistas que trazem os projetos de designer de interiores de Lu Marinho em destaque!<\/p>\n\t\t\t\t\t\t\t<\/div>\n\t\t<\/div>\n\t\t\t\t<\/div>\n\t\t\t\t<\/div>\n\t\t\t\t<div class=\"elementor-element elementor-element-b34c7ee elementor-mobile-align-center elementor-widget elementor-widget-button\" data-id=\"b34c7ee\" data-element_type=\"widget\" data-widget_type=\"button.default\">\n\t\t\t\t<div class=\"elementor-widget-container\">\n\t\t\t\t\t<div class=\"elementor-button-wrapper\">\n\t\t\t<a href=\"https:\/\/www.lumarinho.com\/en\/na-midia\/artigos\/\" class=\"elementor-button-link elementor-button elementor-size-sm\" role=\"button\">\n\t\t\t\t\t\t<span class=\"elementor-button-content-wrapper\">\n\t\t\t\t\t\t<span class=\"elementor-button-text\">Confira!<\/span>\n\t\t<\/span>\n\t\t\t\t\t<\/a>\n\t\t<\/div>\n\t\t\t\t<\/div>\n\t\t\t\t<\/div>\n\t\t\t\t\t\t<\/div>\n\t\t\t\t\t<\/div>\n\t\t<\/div>\n\t\t\t\t<div class=\"elementor-column elementor-col-33 elementor-inner-column elementor-element elementor-element-ecea807\" data-id=\"ecea807\" data-element_type=\"column\">\n\t\t\t<div class=\"elementor-column-wrap elementor-element-populated\">\n\t\t\t\t\t\t\t<div class=\"elementor-widget-wrap\">\n\t\t\t\t\t\t<div class=\"elementor-element elementor-element-c99b694 elementor-widget elementor-widget-image\" data-id=\"c99b694\" data-element_type=\"widget\" data-widget_type=\"image.default\">\n\t\t\t\t<div class=\"elementor-widget-container\">\n\t\t\t\t\t\t\t\t<div class=\"elementor-image\">\n\t\t\t\t\t\t\t\t\t\t\t\t<img loading=\"lazy\" decoding=\"async\" width=\"270\" height=\"270\" src=\"https:\/\/www.lumarinho.com\/wp-content\/uploads\/2021\/01\/port11.jpg\" class=\"attachment-large size-large\" alt=\"\" srcset=\"https:\/\/www.lumarinho.com\/wp-content\/uploads\/2021\/01\/port11.jpg 270w, https:\/\/www.lumarinho.com\/wp-content\/uploads\/2021\/01\/port11-150x150.jpg 150w\" sizes=\"auto, (max-width: 270px) 100vw, 270px\" \/>\t\t\t\t\t\t\t\t\t\t\t\t\t\t<\/div>\n\t\t\t\t\t\t<\/div>\n\t\t\t\t<\/div>\n\t\t\t\t<div class=\"elementor-element elementor-element-1b10c3b elementor-widget elementor-widget-image\" data-id=\"1b10c3b\" data-element_type=\"widget\" data-widget_type=\"image.default\">\n\t\t\t\t<div class=\"elementor-widget-container\">\n\t\t\t\t\t\t\t\t<div class=\"elementor-image\">\n\t\t\t\t\t\t\t\t\t\t\t\t<img loading=\"lazy\" decoding=\"async\" width=\"270\" height=\"270\" src=\"https:\/\/www.lumarinho.com\/wp-content\/uploads\/2021\/01\/port12.jpg\" class=\"attachment-large size-large\" alt=\"\" srcset=\"https:\/\/www.lumarinho.com\/wp-content\/uploads\/2021\/01\/port12.jpg 270w, https:\/\/www.lumarinho.com\/wp-content\/uploads\/2021\/01\/port12-150x150.jpg 150w\" sizes=\"auto, (max-width: 270px) 100vw, 270px\" \/>\t\t\t\t\t\t\t\t\t\t\t\t\t\t<\/div>\n\t\t\t\t\t\t<\/div>\n\t\t\t\t<\/div>\n\t\t\t\t\t\t<\/div>\n\t\t\t\t\t<\/div>\n\t\t<\/div>\n\t\t\t\t<div class=\"elementor-column elementor-col-33 elementor-inner-column elementor-element elementor-element-ebababe\" data-id=\"ebababe\" data-element_type=\"column\">\n\t\t\t<div class=\"elementor-column-wrap elementor-element-populated\">\n\t\t\t\t\t\t\t<div class=\"elementor-widget-wrap\">\n\t\t\t\t\t\t<div class=\"elementor-element elementor-element-ec9c27e elementor-widget elementor-widget-image\" data-id=\"ec9c27e\" data-element_type=\"widget\" data-widget_type=\"image.default\">\n\t\t\t\t<div class=\"elementor-widget-container\">\n\t\t\t\t\t\t\t\t<div class=\"elementor-image\">\n\t\t\t\t\t\t\t\t\t\t\t\t<img loading=\"lazy\" decoding=\"async\" width=\"430\" height=\"560\" src=\"https:\/\/www.lumarinho.com\/wp-content\/uploads\/2021\/01\/port10.jpg\" class=\"attachment-full size-full\" alt=\"\" srcset=\"https:\/\/www.lumarinho.com\/wp-content\/uploads\/2021\/01\/port10.jpg 430w, https:\/\/www.lumarinho.com\/wp-content\/uploads\/2021\/01\/port10-230x300.jpg 230w\" sizes=\"auto, (max-width: 430px) 100vw, 430px\" \/>\t\t\t\t\t\t\t\t\t\t\t\t\t\t<\/div>\n\t\t\t\t\t\t<\/div>\n\t\t\t\t<\/div>\n\t\t\t\t\t\t<\/div>\n\t\t\t\t\t<\/div>\n\t\t<\/div>\n\t\t\t\t\t\t\t\t<\/div>\n\t\t\t\t\t<\/div>\n\t\t<\/section>\n\t\t\t\t\t\t<\/div>\n\t\t\t\t\t<\/div>\n\t\t<\/div>\n\t\t\t\t\t\t\t\t<\/div>\n\t\t\t\t\t<\/div>\n\t\t<\/section>\n\t\t\t\t\t\t<\/div>\n\t\t\t\t\t\t<\/div>\n\t\t\t\t\t<\/div>","protected":false},"excerpt":{"rendered":"<p>Lu Marinho Na m\u00eddia Livros Publica\u00e7\u00f5es do segmento que trazem projetos de Lu Marinho como designer de interiores com destaque! Conhe\u00e7a! Artigos Veja as mat\u00e9rias em jornais e revistas que trazem os projetos de designer de interiores de Lu Marinho em destaque! Confira!<\/p>","protected":false},"author":1,"featured_media":0,"parent":0,"menu_order":0,"comment_status":"closed","ping_status":"closed","template":"","meta":{"footnotes":""},"class_list":["post-784","page","type-page","status-publish","hentry"],"yoast_head":"<!-- This site is optimized with the Yoast SEO plugin v17.0 - https:\/\/yoast.com\/wordpress\/plugins\/seo\/ -->\n<title>Na M\u00eddia - Lu Marinho<\/title>\n<meta name=\"robots\" content=\"index, follow, max-snippet:-1, max-image-preview:large, max-video-preview:-1\" \/>\n<link rel=\"canonical\" href=\"https:\/\/www.lumarinho.com\/en\/na-midia\/\" \/>\n<meta property=\"og:locale\" content=\"en_US\" \/>\n<meta property=\"og:type\" content=\"article\" \/>\n<meta property=\"og:title\" content=\"Na M\u00eddia - Lu Marinho\" \/>\n<meta property=\"og:description\" content=\"Lu Marinho Na m\u00eddia Livros Publica\u00e7\u00f5es do segmento que trazem projetos de Lu Marinho como designer de interiores com destaque! Conhe\u00e7a! Artigos Veja as mat\u00e9rias em jornais e revistas que trazem os projetos de designer de interiores de Lu Marinho em destaque! Confira!\" \/>\n<meta property=\"og:url\" content=\"https:\/\/www.lumarinho.com\/en\/na-midia\/\" \/>\n<meta property=\"og:site_name\" content=\"Lu Marinho\" \/>\n<meta property=\"article:modified_time\" content=\"2021-02-12T15:14:51+00:00\" \/>\n<meta property=\"og:image\" content=\"https:\/\/www.lumarinho.com\/wp-content\/uploads\/2021\/01\/port7.jpg\" \/>\n<meta name=\"twitter:card\" content=\"summary_large_image\" \/>\n<script type=\"application\/ld+json\" class=\"yoast-schema-graph\">{\"@context\":\"https:\/\/schema.org\",\"@graph\":[{\"@type\":\"WebSite\",\"@id\":\"https:\/\/www.lumarinho.com\/en\/#website\",\"url\":\"https:\/\/www.lumarinho.com\/en\/\",\"name\":\"Lu Marinho\",\"description\":\"Design de Interiores\",\"potentialAction\":[{\"@type\":\"SearchAction\",\"target\":{\"@type\":\"EntryPoint\",\"urlTemplate\":\"https:\/\/www.lumarinho.com\/en\/?s={search_term_string}\"},\"query-input\":\"required name=search_term_string\"}],\"inLanguage\":\"en-US\"},{\"@type\":\"ImageObject\",\"@id\":\"https:\/\/www.lumarinho.com\/na-midia\/#primaryimage\",\"inLanguage\":\"en-US\",\"url\":\"https:\/\/www.lumarinho.com\/wp-content\/uploads\/2021\/01\/port7.jpg\",\"contentUrl\":\"https:\/\/www.lumarinho.com\/wp-content\/uploads\/2021\/01\/port7.jpg\",\"width\":270,\"height\":270},{\"@type\":\"WebPage\",\"@id\":\"https:\/\/www.lumarinho.com\/na-midia\/#webpage\",\"url\":\"https:\/\/www.lumarinho.com\/na-midia\/\",\"name\":\"Na M\\u00eddia - Lu Marinho\",\"isPartOf\":{\"@id\":\"https:\/\/www.lumarinho.com\/en\/#website\"},\"primaryImageOfPage\":{\"@id\":\"https:\/\/www.lumarinho.com\/na-midia\/#primaryimage\"},\"datePublished\":\"2021-01-15T17:32:43+00:00\",\"dateModified\":\"2021-02-12T15:14:51+00:00\",\"breadcrumb\":{\"@id\":\"https:\/\/www.lumarinho.com\/na-midia\/#breadcrumb\"},\"inLanguage\":\"en-US\",\"potentialAction\":[{\"@type\":\"ReadAction\",\"target\":[\"https:\/\/www.lumarinho.com\/na-midia\/\"]}]},{\"@type\":\"BreadcrumbList\",\"@id\":\"https:\/\/www.lumarinho.com\/na-midia\/#breadcrumb\",\"itemListElement\":[{\"@type\":\"ListItem\",\"position\":1,\"name\":\"In\\u00edcio\",\"item\":\"https:\/\/www.lumarinho.com\/en\/\"},{\"@type\":\"ListItem\",\"position\":2,\"name\":\"Na M\\u00eddia\"}]}]}<\/script>\n<!-- \/ Yoast SEO plugin. -->","yoast_head_json":{"title":"Na M\u00eddia - Lu Marinho","robots":{"index":"index","follow":"follow","max-snippet":"max-snippet:-1","max-image-preview":"max-image-preview:large","max-video-preview":"max-video-preview:-1"},"canonical":"https:\/\/www.lumarinho.com\/en\/na-midia\/","og_locale":"en_US","og_type":"article","og_title":"Na M\u00eddia - Lu Marinho","og_description":"Lu Marinho Na m\u00eddia Livros Publica\u00e7\u00f5es do segmento que trazem projetos de Lu Marinho como designer de interiores com destaque! Conhe\u00e7a! Artigos Veja as mat\u00e9rias em jornais e revistas que trazem os projetos de designer de interiores de Lu Marinho em destaque! Confira!","og_url":"https:\/\/www.lumarinho.com\/en\/na-midia\/","og_site_name":"Lu Marinho","article_modified_time":"2021-02-12T15:14:51+00:00","og_image":[{"url":"https:\/\/www.lumarinho.com\/wp-content\/uploads\/2021\/01\/port7.jpg"}],"twitter_card":"summary_large_image","schema":{"@context":"https:\/\/schema.org","@graph":[{"@type":"WebSite","@id":"https:\/\/www.lumarinho.com\/en\/#website","url":"https:\/\/www.lumarinho.com\/en\/","name":"Lu Marinho","description":"Design de Interiores","potentialAction":[{"@type":"SearchAction","target":{"@type":"EntryPoint","urlTemplate":"https:\/\/www.lumarinho.com\/en\/?s={search_term_string}"},"query-input":"required name=search_term_string"}],"inLanguage":"en-US"},{"@type":"ImageObject","@id":"https:\/\/www.lumarinho.com\/na-midia\/#primaryimage","inLanguage":"en-US","url":"https:\/\/www.lumarinho.com\/wp-content\/uploads\/2021\/01\/port7.jpg","contentUrl":"https:\/\/www.lumarinho.com\/wp-content\/uploads\/2021\/01\/port7.jpg","width":270,"height":270},{"@type":"WebPage","@id":"https:\/\/www.lumarinho.com\/na-midia\/#webpage","url":"https:\/\/www.lumarinho.com\/na-midia\/","name":"Na M\u00eddia - Lu Marinho","isPartOf":{"@id":"https:\/\/www.lumarinho.com\/en\/#website"},"primaryImageOfPage":{"@id":"https:\/\/www.lumarinho.com\/na-midia\/#primaryimage"},"datePublished":"2021-01-15T17:32:43+00:00","dateModified":"2021-02-12T15:14:51+00:00","breadcrumb":{"@id":"https:\/\/www.lumarinho.com\/na-midia\/#breadcrumb"},"inLanguage":"en-US","potentialAction":[{"@type":"ReadAction","target":["https:\/\/www.lumarinho.com\/na-midia\/"]}]},{"@type":"BreadcrumbList","@id":"https:\/\/www.lumarinho.com\/na-midia\/#breadcrumb","itemListElement":[{"@type":"ListItem","position":1,"name":"In\u00edcio","item":"https:\/\/www.lumarinho.com\/en\/"},{"@type":"ListItem","position":2,"name":"Na M\u00eddia"}]}]}},"_links":{"self":[{"href":"https:\/\/www.lumarinho.com\/en\/wp-json\/wp\/v2\/pages\/784","targetHints":{"allow":["GET"]}}],"collection":[{"href":"https:\/\/www.lumarinho.com\/en\/wp-json\/wp\/v2\/pages"}],"about":[{"href":"https:\/\/www.lumarinho.com\/en\/wp-json\/wp\/v2\/types\/page"}],"author":[{"embeddable":true,"href":"https:\/\/www.lumarinho.com\/en\/wp-json\/wp\/v2\/users\/1"}],"replies":[{"embeddable":true,"href":"https:\/\/www.lumarinho.com\/en\/wp-json\/wp\/v2\/comments?post=784"}],"version-history":[{"count":32,"href":"https:\/\/www.lumarinho.com\/en\/wp-json\/wp\/v2\/pages\/784\/revisions"}],"predecessor-version":[{"id":1733,"href":"https:\/\/www.lumarinho.com\/en\/wp-json\/wp\/v2\/pages\/784\/revisions\/1733"}],"wp:attachment":[{"href":"https:\/\/www.lumarinho.com\/en\/wp-json\/wp\/v2\/media?parent=784"}],"curies":[{"name":"wp","href":"https:\/\/api.w.org\/{rel}","templated":true}]}}