{"id":375,"date":"2017-11-28T11:32:11","date_gmt":"2017-11-28T11:32:11","guid":{"rendered":"http:\/\/lumarinho.lizart.com.br\/services\/"},"modified":"2021-02-11T20:20:34","modified_gmt":"2021-02-11T20:20:34","slug":"portfolio","status":"publish","type":"page","link":"https:\/\/www.lumarinho.com\/en\/portfolio\/","title":{"rendered":"Portfolio"},"content":{"rendered":"<div data-elementor-type=\"wp-post\" data-elementor-id=\"375\" class=\"elementor elementor-375\" data-elementor-settings=\"[]\">\n\t\t\t\t\t\t<div class=\"elementor-inner\">\n\t\t\t\t\t\t\t<div class=\"elementor-section-wrap\">\n\t\t\t\t\t\t\t<section class=\"elementor-section elementor-top-section elementor-element elementor-element-60796ae3 elementor-section-boxed elementor-section-height-default elementor-section-height-default\" data-id=\"60796ae3\" data-element_type=\"section\" data-settings=\"{&quot;background_background&quot;:&quot;classic&quot;}\">\n\t\t\t\t\t\t\t<div class=\"elementor-background-overlay\"><\/div>\n\t\t\t\t\t\t\t<div class=\"elementor-container elementor-column-gap-default\">\n\t\t\t\t\t\t\t<div class=\"elementor-row\">\n\t\t\t\t\t<div class=\"elementor-column elementor-col-100 elementor-top-column elementor-element elementor-element-6b57a877\" data-id=\"6b57a877\" data-element_type=\"column\">\n\t\t\t<div class=\"elementor-column-wrap elementor-element-populated\">\n\t\t\t\t\t\t\t<div class=\"elementor-widget-wrap\">\n\t\t\t\t\t\t<div class=\"elementor-element elementor-element-45ab1610 elementor-widget elementor-widget-uael-infobox\" data-id=\"45ab1610\" data-element_type=\"widget\" data-widget_type=\"uael-infobox.default\">\n\t\t\t\t<div class=\"elementor-widget-container\">\n\t\t\t\n<div class=\"uael-module-content uael-infobox  uael-infobox-center  uael-infobox-link-type-none\">\n\t<div class=\"uael-infobox-left-right-wrap\">\n\t\t\t\t\t\t<div class=\"uael-infobox-content\">\n\t\t\t\t\t\t<div class='uael-infobox-title-wrap'><h5 class=\"uael-infobox-title-prefix elementor-inline-editing\" data-elementor-setting-key=\"infobox_title_prefix\" data-elementor-inline-editing-toolbar=\"basic\" >All Projects by Lu Marinho Interior Design<\/h5><h1 class=\"uael-infobox-title elementor-inline-editing\" data-elementor-setting-key=\"infobox_title\" data-elementor-inline-editing-toolbar=\"basic\" >Portfolio<\/h1><\/div>\t\t\t\t\t\t\t\t\t<div class=\"uael-infobox-text-wrap\">\n\t\t\t\t<div class=\"uael-infobox-text elementor-inline-editing\" data-elementor-setting-key=\"infobox_description\" data-elementor-inline-editing-toolbar=\"advanced\">\n\t\t\t\t\t\t\t\t\t<\/div>\n\t\t\t\t\t\n\t\t\t\t\t\t\t<\/div>\n\t\t<\/div>\n\t\t\t<\/div>\n<\/div>\n\t\t<\/div>\n\t\t\t\t<\/div>\n\t\t\t\t\t\t<\/div>\n\t\t\t\t\t<\/div>\n\t\t<\/div>\n\t\t\t\t\t\t\t\t<\/div>\n\t\t\t\t\t<\/div>\n\t\t<\/section>\n\t\t\t\t<section class=\"elementor-section elementor-top-section elementor-element elementor-element-3ea3cbac elementor-section-full_width elementor-section-height-default elementor-section-height-default\" data-id=\"3ea3cbac\" data-element_type=\"section\" data-settings=\"{&quot;background_background&quot;:&quot;classic&quot;}\">\n\t\t\t\t\t\t<div class=\"elementor-container elementor-column-gap-default\">\n\t\t\t\t\t\t\t<div class=\"elementor-row\">\n\t\t\t\t\t<div class=\"elementor-column elementor-col-100 elementor-top-column elementor-element elementor-element-118ac98b\" data-id=\"118ac98b\" data-element_type=\"column\">\n\t\t\t<div class=\"elementor-column-wrap elementor-element-populated\">\n\t\t\t\t\t\t\t<div class=\"elementor-widget-wrap\">\n\t\t\t\t\t\t<section class=\"elementor-section elementor-inner-section elementor-element elementor-element-255ea303 elementor-section-boxed elementor-section-height-default elementor-section-height-default\" data-id=\"255ea303\" data-element_type=\"section\">\n\t\t\t\t\t\t<div class=\"elementor-container elementor-column-gap-default\">\n\t\t\t\t\t\t\t<div class=\"elementor-row\">\n\t\t\t\t\t<div class=\"elementor-column elementor-col-33 elementor-inner-column elementor-element elementor-element-4af38782\" data-id=\"4af38782\" data-element_type=\"column\">\n\t\t\t<div class=\"elementor-column-wrap elementor-element-populated\">\n\t\t\t\t\t\t\t<div class=\"elementor-widget-wrap\">\n\t\t\t\t\t\t<div class=\"elementor-element elementor-element-2f411fd elementor-view-default elementor-vertical-align-top elementor-widget elementor-widget-icon-box\" data-id=\"2f411fd\" data-element_type=\"widget\" data-widget_type=\"icon-box.default\">\n\t\t\t\t<div class=\"elementor-widget-container\">\n\t\t\t\t\t<div class=\"elementor-icon-box-wrapper\">\n\t\t\t\t\t\t<div class=\"elementor-icon-box-content\">\n\t\t\t\t<h2 class=\"elementor-icon-box-title\">\n\t\t\t\t\t<span >Residential Projects<\/span>\n\t\t\t\t<\/h2>\n\t\t\t\t\t\t\t\t<p class=\"elementor-icon-box-description\">Everything you need for your home comfort! Decoration with affection and functionality for all resident necessities. <\/p>\n\t\t\t\t\t\t\t<\/div>\n\t\t<\/div>\n\t\t\t\t<\/div>\n\t\t\t\t<\/div>\n\t\t\t\t<div class=\"elementor-element elementor-element-27f5965 elementor-mobile-align-center elementor-widget elementor-widget-button\" data-id=\"27f5965\" data-element_type=\"widget\" data-widget_type=\"button.default\">\n\t\t\t\t<div class=\"elementor-widget-container\">\n\t\t\t\t\t<div class=\"elementor-button-wrapper\">\n\t\t\t<a href=\"http:\/\/webapp237128.ip-45-79-29-52.cloudezapp.io\/portfolio\/residencial\/\" class=\"elementor-button-link elementor-button elementor-size-sm\" role=\"button\">\n\t\t\t\t\t\t<span class=\"elementor-button-content-wrapper\">\n\t\t\t\t\t\t<span class=\"elementor-button-text\">Portfolio<\/span>\n\t\t<\/span>\n\t\t\t\t\t<\/a>\n\t\t<\/div>\n\t\t\t\t<\/div>\n\t\t\t\t<\/div>\n\t\t\t\t\t\t<\/div>\n\t\t\t\t\t<\/div>\n\t\t<\/div>\n\t\t\t\t<div class=\"elementor-column elementor-col-33 elementor-inner-column elementor-element elementor-element-717fbcdb\" data-id=\"717fbcdb\" data-element_type=\"column\">\n\t\t\t<div class=\"elementor-column-wrap elementor-element-populated\">\n\t\t\t\t\t\t\t<div class=\"elementor-widget-wrap\">\n\t\t\t\t\t\t<div class=\"elementor-element elementor-element-60c271d elementor-widget elementor-widget-image\" data-id=\"60c271d\" data-element_type=\"widget\" data-widget_type=\"image.default\">\n\t\t\t\t<div class=\"elementor-widget-container\">\n\t\t\t\t\t\t\t\t<div class=\"elementor-image\">\n\t\t\t\t\t\t\t\t\t\t\t\t<img loading=\"lazy\" decoding=\"async\" width=\"270\" height=\"270\" src=\"https:\/\/www.lumarinho.com\/wp-content\/uploads\/2021\/01\/port1.jpg\" class=\"attachment-large size-large\" alt=\"\" srcset=\"https:\/\/www.lumarinho.com\/wp-content\/uploads\/2021\/01\/port1.jpg 270w, https:\/\/www.lumarinho.com\/wp-content\/uploads\/2021\/01\/port1-150x150.jpg 150w\" sizes=\"auto, (max-width: 270px) 100vw, 270px\" \/>\t\t\t\t\t\t\t\t\t\t\t\t\t\t<\/div>\n\t\t\t\t\t\t<\/div>\n\t\t\t\t<\/div>\n\t\t\t\t<div class=\"elementor-element elementor-element-a5b5bba elementor-widget elementor-widget-image\" data-id=\"a5b5bba\" data-element_type=\"widget\" data-widget_type=\"image.default\">\n\t\t\t\t<div class=\"elementor-widget-container\">\n\t\t\t\t\t\t\t\t<div class=\"elementor-image\">\n\t\t\t\t\t\t\t\t\t\t\t\t<img loading=\"lazy\" decoding=\"async\" width=\"270\" height=\"270\" src=\"https:\/\/www.lumarinho.com\/wp-content\/uploads\/2021\/01\/port2.jpg\" class=\"attachment-large size-large\" alt=\"\" srcset=\"https:\/\/www.lumarinho.com\/wp-content\/uploads\/2021\/01\/port2.jpg 270w, https:\/\/www.lumarinho.com\/wp-content\/uploads\/2021\/01\/port2-150x150.jpg 150w\" sizes=\"auto, (max-width: 270px) 100vw, 270px\" \/>\t\t\t\t\t\t\t\t\t\t\t\t\t\t<\/div>\n\t\t\t\t\t\t<\/div>\n\t\t\t\t<\/div>\n\t\t\t\t\t\t<\/div>\n\t\t\t\t\t<\/div>\n\t\t<\/div>\n\t\t\t\t<div class=\"elementor-column elementor-col-33 elementor-inner-column elementor-element elementor-element-9612cac\" data-id=\"9612cac\" data-element_type=\"column\">\n\t\t\t<div class=\"elementor-column-wrap elementor-element-populated\">\n\t\t\t\t\t\t\t<div class=\"elementor-widget-wrap\">\n\t\t\t\t\t\t<div class=\"elementor-element elementor-element-892d564 elementor-widget elementor-widget-image\" data-id=\"892d564\" data-element_type=\"widget\" data-widget_type=\"image.default\">\n\t\t\t\t<div class=\"elementor-widget-container\">\n\t\t\t\t\t\t\t\t<div class=\"elementor-image\">\n\t\t\t\t\t\t\t\t\t\t\t\t<img loading=\"lazy\" decoding=\"async\" width=\"430\" height=\"560\" src=\"https:\/\/www.lumarinho.com\/wp-content\/uploads\/2021\/01\/port3.jpg\" class=\"attachment-full size-full\" alt=\"\" srcset=\"https:\/\/www.lumarinho.com\/wp-content\/uploads\/2021\/01\/port3.jpg 430w, https:\/\/www.lumarinho.com\/wp-content\/uploads\/2021\/01\/port3-230x300.jpg 230w\" sizes=\"auto, (max-width: 430px) 100vw, 430px\" \/>\t\t\t\t\t\t\t\t\t\t\t\t\t\t<\/div>\n\t\t\t\t\t\t<\/div>\n\t\t\t\t<\/div>\n\t\t\t\t\t\t<\/div>\n\t\t\t\t\t<\/div>\n\t\t<\/div>\n\t\t\t\t\t\t\t\t<\/div>\n\t\t\t\t\t<\/div>\n\t\t<\/section>\n\t\t\t\t\t\t<\/div>\n\t\t\t\t\t<\/div>\n\t\t<\/div>\n\t\t\t\t\t\t\t\t<\/div>\n\t\t\t\t\t<\/div>\n\t\t<\/section>\n\t\t\t\t<section class=\"elementor-section elementor-top-section elementor-element elementor-element-805dfb2 elementor-section-full_width elementor-section-height-default elementor-section-height-default\" data-id=\"805dfb2\" data-element_type=\"section\" data-settings=\"{&quot;background_background&quot;:&quot;classic&quot;}\">\n\t\t\t\t\t\t<div class=\"elementor-container elementor-column-gap-default\">\n\t\t\t\t\t\t\t<div class=\"elementor-row\">\n\t\t\t\t\t<div class=\"elementor-column elementor-col-100 elementor-top-column elementor-element elementor-element-447ffd7\" data-id=\"447ffd7\" data-element_type=\"column\">\n\t\t\t<div class=\"elementor-column-wrap elementor-element-populated\">\n\t\t\t\t\t\t\t<div class=\"elementor-widget-wrap\">\n\t\t\t\t\t\t<section class=\"elementor-section elementor-inner-section elementor-element elementor-element-35759db elementor-section-boxed elementor-section-height-default elementor-section-height-default\" data-id=\"35759db\" data-element_type=\"section\">\n\t\t\t\t\t\t<div class=\"elementor-container elementor-column-gap-default\">\n\t\t\t\t\t\t\t<div class=\"elementor-row\">\n\t\t\t\t\t<div class=\"elementor-column elementor-col-33 elementor-inner-column elementor-element elementor-element-5a1888f\" data-id=\"5a1888f\" data-element_type=\"column\">\n\t\t\t<div class=\"elementor-column-wrap elementor-element-populated\">\n\t\t\t\t\t\t\t<div class=\"elementor-widget-wrap\">\n\t\t\t\t\t\t<div class=\"elementor-element elementor-element-893fbe7 elementor-view-default elementor-vertical-align-top elementor-widget elementor-widget-icon-box\" data-id=\"893fbe7\" data-element_type=\"widget\" data-widget_type=\"icon-box.default\">\n\t\t\t\t<div class=\"elementor-widget-container\">\n\t\t\t\t\t<div class=\"elementor-icon-box-wrapper\">\n\t\t\t\t\t\t<div class=\"elementor-icon-box-content\">\n\t\t\t\t<h2 class=\"elementor-icon-box-title\">\n\t\t\t\t\t<span >Events Projects<\/span>\n\t\t\t\t<\/h2>\n\t\t\t\t\t\t\t\t<p class=\"elementor-icon-box-description\">The perfect ambiance for your event with attention to minimum details!<\/p>\n\t\t\t\t\t\t\t<\/div>\n\t\t<\/div>\n\t\t\t\t<\/div>\n\t\t\t\t<\/div>\n\t\t\t\t<div class=\"elementor-element elementor-element-b34c7ee elementor-mobile-align-center elementor-widget elementor-widget-button\" data-id=\"b34c7ee\" data-element_type=\"widget\" data-widget_type=\"button.default\">\n\t\t\t\t<div class=\"elementor-widget-container\">\n\t\t\t\t\t<div class=\"elementor-button-wrapper\">\n\t\t\t<a href=\"http:\/\/webapp237128.ip-45-79-29-52.cloudezapp.io\/portfolio\/eventos\/\" class=\"elementor-button-link elementor-button elementor-size-sm\" role=\"button\">\n\t\t\t\t\t\t<span class=\"elementor-button-content-wrapper\">\n\t\t\t\t\t\t<span class=\"elementor-button-text\">portfolio<\/span>\n\t\t<\/span>\n\t\t\t\t\t<\/a>\n\t\t<\/div>\n\t\t\t\t<\/div>\n\t\t\t\t<\/div>\n\t\t\t\t\t\t<\/div>\n\t\t\t\t\t<\/div>\n\t\t<\/div>\n\t\t\t\t<div class=\"elementor-column elementor-col-33 elementor-inner-column elementor-element elementor-element-ecea807\" data-id=\"ecea807\" data-element_type=\"column\">\n\t\t\t<div class=\"elementor-column-wrap elementor-element-populated\">\n\t\t\t\t\t\t\t<div class=\"elementor-widget-wrap\">\n\t\t\t\t\t\t<div class=\"elementor-element elementor-element-c99b694 elementor-widget elementor-widget-image\" data-id=\"c99b694\" data-element_type=\"widget\" data-widget_type=\"image.default\">\n\t\t\t\t<div class=\"elementor-widget-container\">\n\t\t\t\t\t\t\t\t<div class=\"elementor-image\">\n\t\t\t\t\t\t\t\t\t\t\t\t<img loading=\"lazy\" decoding=\"async\" width=\"270\" height=\"270\" src=\"https:\/\/www.lumarinho.com\/wp-content\/uploads\/2021\/01\/port5.jpg\" class=\"attachment-large size-large\" alt=\"\" srcset=\"https:\/\/www.lumarinho.com\/wp-content\/uploads\/2021\/01\/port5.jpg 270w, https:\/\/www.lumarinho.com\/wp-content\/uploads\/2021\/01\/port5-150x150.jpg 150w\" sizes=\"auto, (max-width: 270px) 100vw, 270px\" \/>\t\t\t\t\t\t\t\t\t\t\t\t\t\t<\/div>\n\t\t\t\t\t\t<\/div>\n\t\t\t\t<\/div>\n\t\t\t\t<div class=\"elementor-element elementor-element-1b10c3b elementor-widget elementor-widget-image\" data-id=\"1b10c3b\" data-element_type=\"widget\" data-widget_type=\"image.default\">\n\t\t\t\t<div class=\"elementor-widget-container\">\n\t\t\t\t\t\t\t\t<div class=\"elementor-image\">\n\t\t\t\t\t\t\t\t\t\t\t\t<img loading=\"lazy\" decoding=\"async\" width=\"270\" height=\"270\" src=\"https:\/\/www.lumarinho.com\/wp-content\/uploads\/2021\/01\/port4.jpg\" class=\"attachment-large size-large\" alt=\"\" srcset=\"https:\/\/www.lumarinho.com\/wp-content\/uploads\/2021\/01\/port4.jpg 270w, https:\/\/www.lumarinho.com\/wp-content\/uploads\/2021\/01\/port4-150x150.jpg 150w\" sizes=\"auto, (max-width: 270px) 100vw, 270px\" \/>\t\t\t\t\t\t\t\t\t\t\t\t\t\t<\/div>\n\t\t\t\t\t\t<\/div>\n\t\t\t\t<\/div>\n\t\t\t\t\t\t<\/div>\n\t\t\t\t\t<\/div>\n\t\t<\/div>\n\t\t\t\t<div class=\"elementor-column elementor-col-33 elementor-inner-column elementor-element elementor-element-ebababe\" data-id=\"ebababe\" data-element_type=\"column\">\n\t\t\t<div class=\"elementor-column-wrap elementor-element-populated\">\n\t\t\t\t\t\t\t<div class=\"elementor-widget-wrap\">\n\t\t\t\t\t\t<div class=\"elementor-element elementor-element-ec9c27e elementor-widget elementor-widget-image\" data-id=\"ec9c27e\" data-element_type=\"widget\" data-widget_type=\"image.default\">\n\t\t\t\t<div class=\"elementor-widget-container\">\n\t\t\t\t\t\t\t\t<div class=\"elementor-image\">\n\t\t\t\t\t\t\t\t\t\t\t\t<img loading=\"lazy\" decoding=\"async\" width=\"430\" height=\"560\" src=\"https:\/\/www.lumarinho.com\/wp-content\/uploads\/2021\/01\/port6.jpg\" class=\"attachment-full size-full\" alt=\"\" srcset=\"https:\/\/www.lumarinho.com\/wp-content\/uploads\/2021\/01\/port6.jpg 430w, https:\/\/www.lumarinho.com\/wp-content\/uploads\/2021\/01\/port6-230x300.jpg 230w\" sizes=\"auto, (max-width: 430px) 100vw, 430px\" \/>\t\t\t\t\t\t\t\t\t\t\t\t\t\t<\/div>\n\t\t\t\t\t\t<\/div>\n\t\t\t\t<\/div>\n\t\t\t\t\t\t<\/div>\n\t\t\t\t\t<\/div>\n\t\t<\/div>\n\t\t\t\t\t\t\t\t<\/div>\n\t\t\t\t\t<\/div>\n\t\t<\/section>\n\t\t\t\t\t\t<\/div>\n\t\t\t\t\t<\/div>\n\t\t<\/div>\n\t\t\t\t\t\t\t\t<\/div>\n\t\t\t\t\t<\/div>\n\t\t<\/section>\n\t\t\t\t\t\t<\/div>\n\t\t\t\t\t\t<\/div>\n\t\t\t\t\t<\/div>","protected":false},"excerpt":{"rendered":"<p>Projetos Residenciais, Comerciais e Eventos Portf\u00f3lio Projetos residenciais Tudo o que voc\u00ea precisa para o conforto da sua casa! Decora\u00e7\u00e3o com afeto e funcional para todas as necessidades dos moradores. Confira o Portf\u00f3lio completo de Lu Marinho &#8211; Designer de Interiores que atua nos USA e no Brasil. Portf\u00f3lio Decora\u00e7\u00e3o para eventos A ambienta\u00e7\u00e3o perfeita &hellip;<\/p>\n<p class=\"read-more\"> <a class=\"\" href=\"https:\/\/www.lumarinho.com\/en\/portfolio\/\"> <span class=\"screen-reader-text\">Portfolio<\/span> Read More \u00bb<\/a><\/p>","protected":false},"author":1,"featured_media":0,"parent":0,"menu_order":0,"comment_status":"closed","ping_status":"closed","template":"","meta":{"footnotes":""},"class_list":["post-375","page","type-page","status-publish","hentry"],"yoast_head":"<!-- This site is optimized with the Yoast SEO plugin v17.0 - https:\/\/yoast.com\/wordpress\/plugins\/seo\/ -->\n<title>Portf\u00f3lio - Lu Marinho<\/title>\n<meta name=\"robots\" content=\"index, follow, max-snippet:-1, max-image-preview:large, max-video-preview:-1\" \/>\n<link rel=\"canonical\" href=\"https:\/\/www.lumarinho.com\/en\/portfolio\/\" \/>\n<meta property=\"og:locale\" content=\"en_US\" \/>\n<meta property=\"og:type\" content=\"article\" \/>\n<meta property=\"og:title\" content=\"Portf\u00f3lio - Lu Marinho\" \/>\n<meta property=\"og:description\" content=\"Projetos Residenciais, Comerciais e Eventos Portf\u00f3lio Projetos residenciais Tudo o que voc\u00ea precisa para o conforto da sua casa! Decora\u00e7\u00e3o com afeto e funcional para todas as necessidades dos moradores. Confira o Portf\u00f3lio completo de Lu Marinho &#8211; Designer de Interiores que atua nos USA e no Brasil. Portf\u00f3lio Decora\u00e7\u00e3o para eventos A ambienta\u00e7\u00e3o perfeita &hellip; Portf\u00f3lio Read More \u00bb\" \/>\n<meta property=\"og:url\" content=\"https:\/\/www.lumarinho.com\/en\/portfolio\/\" \/>\n<meta property=\"og:site_name\" content=\"Lu Marinho\" \/>\n<meta property=\"article:modified_time\" content=\"2021-02-11T20:20:34+00:00\" \/>\n<meta property=\"og:image\" content=\"https:\/\/www.lumarinho.com\/wp-content\/uploads\/2021\/01\/port1.jpg\" \/>\n<meta name=\"twitter:card\" content=\"summary_large_image\" \/>\n<script type=\"application\/ld+json\" class=\"yoast-schema-graph\">{\"@context\":\"https:\/\/schema.org\",\"@graph\":[{\"@type\":\"WebSite\",\"@id\":\"https:\/\/www.lumarinho.com\/en\/#website\",\"url\":\"https:\/\/www.lumarinho.com\/en\/\",\"name\":\"Lu Marinho\",\"description\":\"Design de Interiores\",\"potentialAction\":[{\"@type\":\"SearchAction\",\"target\":{\"@type\":\"EntryPoint\",\"urlTemplate\":\"https:\/\/www.lumarinho.com\/en\/?s={search_term_string}\"},\"query-input\":\"required name=search_term_string\"}],\"inLanguage\":\"en-US\"},{\"@type\":\"ImageObject\",\"@id\":\"https:\/\/www.lumarinho.com\/en\/portfolio\/#primaryimage\",\"inLanguage\":\"en-US\",\"url\":\"https:\/\/www.lumarinho.com\/wp-content\/uploads\/2021\/01\/port1.jpg\",\"contentUrl\":\"https:\/\/www.lumarinho.com\/wp-content\/uploads\/2021\/01\/port1.jpg\",\"width\":270,\"height\":270},{\"@type\":\"WebPage\",\"@id\":\"https:\/\/www.lumarinho.com\/en\/portfolio\/#webpage\",\"url\":\"https:\/\/www.lumarinho.com\/en\/portfolio\/\",\"name\":\"Portf\\u00f3lio - Lu Marinho\",\"isPartOf\":{\"@id\":\"https:\/\/www.lumarinho.com\/en\/#website\"},\"primaryImageOfPage\":{\"@id\":\"https:\/\/www.lumarinho.com\/en\/portfolio\/#primaryimage\"},\"datePublished\":\"2017-11-28T11:32:11+00:00\",\"dateModified\":\"2021-02-11T20:20:34+00:00\",\"breadcrumb\":{\"@id\":\"https:\/\/www.lumarinho.com\/en\/portfolio\/#breadcrumb\"},\"inLanguage\":\"en-US\",\"potentialAction\":[{\"@type\":\"ReadAction\",\"target\":[\"https:\/\/www.lumarinho.com\/en\/portfolio\/\"]}]},{\"@type\":\"BreadcrumbList\",\"@id\":\"https:\/\/www.lumarinho.com\/en\/portfolio\/#breadcrumb\",\"itemListElement\":[{\"@type\":\"ListItem\",\"position\":1,\"name\":\"In\\u00edcio\",\"item\":\"https:\/\/www.lumarinho.com\/en\/\"},{\"@type\":\"ListItem\",\"position\":2,\"name\":\"Portf\\u00f3lio\"}]}]}<\/script>\n<!-- \/ Yoast SEO plugin. -->","yoast_head_json":{"title":"Portf\u00f3lio - Lu Marinho","robots":{"index":"index","follow":"follow","max-snippet":"max-snippet:-1","max-image-preview":"max-image-preview:large","max-video-preview":"max-video-preview:-1"},"canonical":"https:\/\/www.lumarinho.com\/en\/portfolio\/","og_locale":"en_US","og_type":"article","og_title":"Portf\u00f3lio - Lu Marinho","og_description":"Projetos Residenciais, Comerciais e Eventos Portf\u00f3lio Projetos residenciais Tudo o que voc\u00ea precisa para o conforto da sua casa! Decora\u00e7\u00e3o com afeto e funcional para todas as necessidades dos moradores. Confira o Portf\u00f3lio completo de Lu Marinho &#8211; Designer de Interiores que atua nos USA e no Brasil. Portf\u00f3lio Decora\u00e7\u00e3o para eventos A ambienta\u00e7\u00e3o perfeita &hellip; Portf\u00f3lio Read More \u00bb","og_url":"https:\/\/www.lumarinho.com\/en\/portfolio\/","og_site_name":"Lu Marinho","article_modified_time":"2021-02-11T20:20:34+00:00","og_image":[{"url":"https:\/\/www.lumarinho.com\/wp-content\/uploads\/2021\/01\/port1.jpg"}],"twitter_card":"summary_large_image","schema":{"@context":"https:\/\/schema.org","@graph":[{"@type":"WebSite","@id":"https:\/\/www.lumarinho.com\/en\/#website","url":"https:\/\/www.lumarinho.com\/en\/","name":"Lu Marinho","description":"Design de Interiores","potentialAction":[{"@type":"SearchAction","target":{"@type":"EntryPoint","urlTemplate":"https:\/\/www.lumarinho.com\/en\/?s={search_term_string}"},"query-input":"required name=search_term_string"}],"inLanguage":"en-US"},{"@type":"ImageObject","@id":"https:\/\/www.lumarinho.com\/en\/portfolio\/#primaryimage","inLanguage":"en-US","url":"https:\/\/www.lumarinho.com\/wp-content\/uploads\/2021\/01\/port1.jpg","contentUrl":"https:\/\/www.lumarinho.com\/wp-content\/uploads\/2021\/01\/port1.jpg","width":270,"height":270},{"@type":"WebPage","@id":"https:\/\/www.lumarinho.com\/en\/portfolio\/#webpage","url":"https:\/\/www.lumarinho.com\/en\/portfolio\/","name":"Portf\u00f3lio - Lu Marinho","isPartOf":{"@id":"https:\/\/www.lumarinho.com\/en\/#website"},"primaryImageOfPage":{"@id":"https:\/\/www.lumarinho.com\/en\/portfolio\/#primaryimage"},"datePublished":"2017-11-28T11:32:11+00:00","dateModified":"2021-02-11T20:20:34+00:00","breadcrumb":{"@id":"https:\/\/www.lumarinho.com\/en\/portfolio\/#breadcrumb"},"inLanguage":"en-US","potentialAction":[{"@type":"ReadAction","target":["https:\/\/www.lumarinho.com\/en\/portfolio\/"]}]},{"@type":"BreadcrumbList","@id":"https:\/\/www.lumarinho.com\/en\/portfolio\/#breadcrumb","itemListElement":[{"@type":"ListItem","position":1,"name":"In\u00edcio","item":"https:\/\/www.lumarinho.com\/en\/"},{"@type":"ListItem","position":2,"name":"Portf\u00f3lio"}]}]}},"_links":{"self":[{"href":"https:\/\/www.lumarinho.com\/en\/wp-json\/wp\/v2\/pages\/375","targetHints":{"allow":["GET"]}}],"collection":[{"href":"https:\/\/www.lumarinho.com\/en\/wp-json\/wp\/v2\/pages"}],"about":[{"href":"https:\/\/www.lumarinho.com\/en\/wp-json\/wp\/v2\/types\/page"}],"author":[{"embeddable":true,"href":"https:\/\/www.lumarinho.com\/en\/wp-json\/wp\/v2\/users\/1"}],"replies":[{"embeddable":true,"href":"https:\/\/www.lumarinho.com\/en\/wp-json\/wp\/v2\/comments?post=375"}],"version-history":[{"count":25,"href":"https:\/\/www.lumarinho.com\/en\/wp-json\/wp\/v2\/pages\/375\/revisions"}],"predecessor-version":[{"id":1699,"href":"https:\/\/www.lumarinho.com\/en\/wp-json\/wp\/v2\/pages\/375\/revisions\/1699"}],"wp:attachment":[{"href":"https:\/\/www.lumarinho.com\/en\/wp-json\/wp\/v2\/media?parent=375"}],"curies":[{"name":"wp","href":"https:\/\/api.w.org\/{rel}","templated":true}]}}